{"id":2574,"date":"2022-02-08T13:20:18","date_gmt":"2022-02-08T13:20:18","guid":{"rendered":"https:\/\/hedinn.is\/?page_id=2574"},"modified":"2025-09-11T09:28:50","modified_gmt":"2025-09-11T09:28:50","slug":"saekja-um-starf","status":"publish","type":"page","link":"https:\/\/hedinn.is\/en\/um-okkur\/saekja-um-starf\/","title":{"rendered":"Apply for a Job"},"content":{"rendered":"<div class=\"fusion-fullwidth fullwidth-box fusion-builder-row-1 fusion-flex-container nonhundred-percent-fullwidth non-hundred-percent-height-scrolling\" style=\"background-color: #ffffff;background-position: left top;background-repeat: no-repeat;border-width: 0px 0px 0px 0px;border-color:#e7e4e2;border-style:solid;\" ><div class=\"fusion-builder-row fusion-row fusion-flex-align-items-flex-start\" style=\"max-width:calc( 1100px + 0px );margin-left: calc(-0px \/ 2 );margin-right: calc(-0px \/ 2 );\"><div class=\"fusion-layout-column fusion_builder_column fusion-builder-column-0 fusion_builder_column_1_1 1_1 fusion-flex-column fusion-flex-align-self-flex-start fusion-column-no-min-height\"><div class=\"fusion-column-wrapper fusion-flex-justify-content-flex-start fusion-content-layout-column\" style=\"background-position:left top;background-blend-mode: overlay;background-repeat:no-repeat;-webkit-background-size:cover;-moz-background-size:cover;-o-background-size:cover;background-size:cover;padding: 0px 0px 0px 0px;\"><style type=\"text\/css\">@media only screen and (max-width:1024px) {.fusion-title.fusion-title-1{margin-top:10px!important; margin-right:0px!important;margin-bottom:24px!important;margin-left:0px!important;}}@media only screen and (max-width:640px) {.fusion-title.fusion-title-1{margin-top:10px!important; margin-right:0px!important;margin-bottom:20px!important; margin-left:0px!important;}}<\/style><div class=\"fusion-title title fusion-title-1 fusion-sep-none fusion-title-center fusion-title-text fusion-title-size-two\" style=\"margin-top:10px;margin-right:0px;margin-bottom:24px;margin-left:0px;\"><h2 class=\"title-heading-center fusion-responsive-typography-calculated\" style=\"margin:0;color:#000000;--fontSize:34;line-height:1.47;\"><h1><b>Do you want to become part of H\u00e9\u00f0inn\u2019s team?<\/b><\/h1><\/h2><\/div><div class=\"fusion-separator fusion-full-width-sep\" style=\"align-self: center;margin-left: auto;margin-right: auto;margin-top:-25px;width:100%;\"><\/div><div class=\"fusion-text fusion-text-1\"><p>At H\u00e9\u00f0inn, we work on exciting projects in industry, technology, and engineering \u2013 and we\u2019re always happy to meet people who want to come along for the ride.<\/p>\n<p>All our open positions are posted on <strong><a href=\"https:\/\/alfred.is\/vinnustadir\/hedinn-hf-1\/storf\">Alfre\u00f0.<\/a><\/strong>If none of the jobs are the right fit for you at the moment, you can always submit a general application there<\/p>\n<p>And if you\u2019re unsure or just want to learn more \u2013 don\u2019t hesitate to get in touch at <a href=\"mailto:atvinna@hedinn.is\">atvinna@hedinn.is <\/a><\/p>\n<\/div><div class=\"fusion-separator fusion-full-width-sep\" style=\"align-self: center;margin-left: auto;margin-right: auto;margin-top:15px;width:100%;\"><\/div><\/div><style type=\"text\/css\">.fusion-body .fusion-builder-column-0{width:100% !important;margin-top : 3%;margin-bottom : 3%;}.fusion-builder-column-0 > .fusion-column-wrapper {padding-top : 0px !important;padding-right : 0px !important;margin-right : 0px;padding-bottom : 0px !important;padding-left : 0px !important;margin-left : 0px;}@media only screen and (max-width:1024px) {.fusion-body .fusion-builder-column-0{width:100% !important;}.fusion-builder-column-0 > .fusion-column-wrapper {margin-right : 0px;margin-left : 0px;}}@media only screen and (max-width:640px) {.fusion-body .fusion-builder-column-0{width:100% !important;}.fusion-builder-column-0 > .fusion-column-wrapper {margin-right : 0px;margin-left : 0px;}}<\/style><\/div><\/div><style type=\"text\/css\">.fusion-body .fusion-flex-container.fusion-builder-row-1{ padding-top : 50px;margin-top : 0px;padding-right : 0px;padding-bottom : 45px;margin-bottom : 0px;padding-left : 0px;}@media only screen and (max-width:640px) {.fusion-body .fusion-flex-container.fusion-builder-row-1{ padding-right : 50px;padding-left : 50px;}}<\/style><\/div>","protected":false},"excerpt":{"rendered":"","protected":false},"author":2,"featured_media":0,"parent":2231,"menu_order":0,"comment_status":"closed","ping_status":"closed","template":"100-width.php","meta":{"inline_featured_image":false,"footnotes":""},"class_list":["post-2574","page","type-page","status-publish","hentry"],"yoast_head":"<!-- This site is optimized with the Yoast SEO plugin v25.6 - https:\/\/yoast.com\/wordpress\/plugins\/seo\/ -->\n<title>S\u00e6kja um starf - H\u00e9\u00f0inn<\/title>\n<meta name=\"description\" content=\"H\u00e9\u00f0inn er n\u00fat\u00edma i\u00f0nfyrirt\u00e6ki sem byggir \u00e1 langri reynslu og dj\u00fapri \u00feekkingu \u00ed m\u00e1lmi\u00f0na\u00f0i og v\u00e9lt\u00e6kni. H\u00e9\u00f0inn er eitt st\u00e6rsta og \u00f6flugasta fyrirt\u00e6ki landsins \u00e1 s\u00ednu svi\u00f0i og fagnar 100 \u00e1ra afm\u00e6li \u00e1 \u00e1rinu \u00e1ri\u00f0 202\" \/>\n<meta name=\"robots\" content=\"index, follow, max-snippet:-1, max-image-preview:large, max-video-preview:-1\" \/>\n<link rel=\"canonical\" href=\"https:\/\/hedinn.is\/en\/um-okkur\/saekja-um-starf\/\" \/>\n<meta property=\"og:locale\" content=\"en_US\" \/>\n<meta property=\"og:type\" content=\"article\" \/>\n<meta property=\"og:title\" content=\"S\u00e6kja um starf - H\u00e9\u00f0inn\" \/>\n<meta property=\"og:description\" content=\"H\u00e9\u00f0inn er n\u00fat\u00edma i\u00f0nfyrirt\u00e6ki sem byggir \u00e1 langri reynslu og dj\u00fapri \u00feekkingu \u00ed m\u00e1lmi\u00f0na\u00f0i og v\u00e9lt\u00e6kni. H\u00e9\u00f0inn er eitt st\u00e6rsta og \u00f6flugasta fyrirt\u00e6ki landsins \u00e1 s\u00ednu svi\u00f0i og fagnar 100 \u00e1ra afm\u00e6li \u00e1 \u00e1rinu \u00e1ri\u00f0 202\" \/>\n<meta property=\"og:url\" content=\"https:\/\/hedinn.is\/en\/um-okkur\/saekja-um-starf\/\" \/>\n<meta property=\"og:site_name\" content=\"H\u00e9\u00f0inn\" \/>\n<meta property=\"article:publisher\" content=\"https:\/\/www.facebook.com\/Hedinnhf\" \/>\n<meta property=\"article:modified_time\" content=\"2025-09-11T09:28:50+00:00\" \/>\n<meta name=\"twitter:card\" content=\"summary_large_image\" \/>\n<meta name=\"twitter:label1\" content=\"Est. reading time\" \/>\n\t<meta name=\"twitter:data1\" content=\"2 minutes\" \/>\n<script type=\"application\/ld+json\" class=\"yoast-schema-graph\">{\"@context\":\"https:\/\/schema.org\",\"@graph\":[{\"@type\":\"WebPage\",\"@id\":\"https:\/\/hedinn.is\/um-okkur\/saekja-um-starf\/\",\"url\":\"https:\/\/hedinn.is\/um-okkur\/saekja-um-starf\/\",\"name\":\"S\u00e6kja um starf - H\u00e9\u00f0inn\",\"isPartOf\":{\"@id\":\"https:\/\/hedinn.is\/#website\"},\"datePublished\":\"2022-02-08T13:20:18+00:00\",\"dateModified\":\"2025-09-11T09:28:50+00:00\",\"description\":\"H\u00e9\u00f0inn er n\u00fat\u00edma i\u00f0nfyrirt\u00e6ki sem byggir \u00e1 langri reynslu og dj\u00fapri \u00feekkingu \u00ed m\u00e1lmi\u00f0na\u00f0i og v\u00e9lt\u00e6kni. H\u00e9\u00f0inn er eitt st\u00e6rsta og \u00f6flugasta fyrirt\u00e6ki landsins \u00e1 s\u00ednu svi\u00f0i og fagnar 100 \u00e1ra afm\u00e6li \u00e1 \u00e1rinu \u00e1ri\u00f0 202\",\"breadcrumb\":{\"@id\":\"https:\/\/hedinn.is\/um-okkur\/saekja-um-starf\/#breadcrumb\"},\"inLanguage\":\"en-US\",\"potentialAction\":[{\"@type\":\"ReadAction\",\"target\":[\"https:\/\/hedinn.is\/um-okkur\/saekja-um-starf\/\"]}]},{\"@type\":\"BreadcrumbList\",\"@id\":\"https:\/\/hedinn.is\/um-okkur\/saekja-um-starf\/#breadcrumb\",\"itemListElement\":[{\"@type\":\"ListItem\",\"position\":1,\"name\":\"Home\",\"item\":\"https:\/\/hedinn.is\/\"},{\"@type\":\"ListItem\",\"position\":2,\"name\":\"Um okkur\",\"item\":\"https:\/\/hedinn.is\/um-okkur\/\"},{\"@type\":\"ListItem\",\"position\":3,\"name\":\"S\u00e6kja um starf\"}]},{\"@type\":\"WebSite\",\"@id\":\"https:\/\/hedinn.is\/#website\",\"url\":\"https:\/\/hedinn.is\/\",\"name\":\"H\u00e9\u00f0inn\",\"description\":\"1922-2022\",\"publisher\":{\"@id\":\"https:\/\/hedinn.is\/#organization\"},\"potentialAction\":[{\"@type\":\"SearchAction\",\"target\":{\"@type\":\"EntryPoint\",\"urlTemplate\":\"https:\/\/hedinn.is\/?s={search_term_string}\"},\"query-input\":{\"@type\":\"PropertyValueSpecification\",\"valueRequired\":true,\"valueName\":\"search_term_string\"}}],\"inLanguage\":\"en-US\"},{\"@type\":\"Organization\",\"@id\":\"https:\/\/hedinn.is\/#organization\",\"name\":\"H\u00e9\u00f0inn\",\"url\":\"https:\/\/hedinn.is\/\",\"logo\":{\"@type\":\"ImageObject\",\"inLanguage\":\"en-US\",\"@id\":\"https:\/\/hedinn.is\/#\/schema\/logo\/image\/\",\"url\":\"https:\/\/hedinn.is\/wp-content\/uploads\/2022\/04\/HED_Top_RGB.png\",\"contentUrl\":\"https:\/\/hedinn.is\/wp-content\/uploads\/2022\/04\/HED_Top_RGB.png\",\"width\":1209,\"height\":975,\"caption\":\"H\u00e9\u00f0inn\"},\"image\":{\"@id\":\"https:\/\/hedinn.is\/#\/schema\/logo\/image\/\"},\"sameAs\":[\"https:\/\/www.facebook.com\/Hedinnhf\",\"https:\/\/www.instagram.com\/hedinn_hf\/\",\"https:\/\/www.youtube.com\/user\/Hedinnhf\",\"https:\/\/www.linkedin.com\/company\/hedinn-hf\/\"]}]}<\/script>\n<!-- \/ Yoast SEO plugin. -->","yoast_head_json":{"title":"Apply for a Job","description":"H\u00e9\u00f0inn is a modern industrial company built on decades of experience and deep expertise in metalworking and mechanical engineering. H\u00e9\u00f0inn is one of the largest and most powerful companies in Iceland in its field and celebrated its 100th anniversary in the year 2022.","robots":{"index":"index","follow":"follow","max-snippet":"max-snippet:-1","max-image-preview":"max-image-preview:large","max-video-preview":"max-video-preview:-1"},"canonical":"https:\/\/hedinn.is\/en\/um-okkur\/saekja-um-starf\/","og_locale":"en_US","og_type":"article","og_title":"S\u00e6kja um starf - H\u00e9\u00f0inn","og_description":"H\u00e9\u00f0inn er n\u00fat\u00edma i\u00f0nfyrirt\u00e6ki sem byggir \u00e1 langri reynslu og dj\u00fapri \u00feekkingu \u00ed m\u00e1lmi\u00f0na\u00f0i og v\u00e9lt\u00e6kni. H\u00e9\u00f0inn er eitt st\u00e6rsta og \u00f6flugasta fyrirt\u00e6ki landsins \u00e1 s\u00ednu svi\u00f0i og fagnar 100 \u00e1ra afm\u00e6li \u00e1 \u00e1rinu \u00e1ri\u00f0 202","og_url":"https:\/\/hedinn.is\/en\/um-okkur\/saekja-um-starf\/","og_site_name":"H\u00e9\u00f0inn","article_publisher":"https:\/\/www.facebook.com\/Hedinnhf","article_modified_time":"2025-09-11T09:28:50+00:00","twitter_card":"summary_large_image","twitter_misc":{"Est. reading time":"2 minutes"},"schema":{"@context":"https:\/\/schema.org","@graph":[{"@type":"WebPage","@id":"https:\/\/hedinn.is\/um-okkur\/saekja-um-starf\/","url":"https:\/\/hedinn.is\/um-okkur\/saekja-um-starf\/","name":"Apply for a Job","isPartOf":{"@id":"https:\/\/hedinn.is\/#website"},"datePublished":"2022-02-08T13:20:18+00:00","dateModified":"2025-09-11T09:28:50+00:00","description":"H\u00e9\u00f0inn is a modern industrial company built on decades of experience and deep expertise in metalworking and mechanical engineering. H\u00e9\u00f0inn is one of the largest and most powerful companies in Iceland in its field and celebrated its 100th anniversary in the year 2022.","breadcrumb":{"@id":"https:\/\/hedinn.is\/um-okkur\/saekja-um-starf\/#breadcrumb"},"inLanguage":"en-US","potentialAction":[{"@type":"ReadAction","target":["https:\/\/hedinn.is\/um-okkur\/saekja-um-starf\/"]}]},{"@type":"BreadcrumbList","@id":"https:\/\/hedinn.is\/um-okkur\/saekja-um-starf\/#breadcrumb","itemListElement":[{"@type":"ListItem","position":1,"name":"Home","item":"https:\/\/hedinn.is\/"},{"@type":"ListItem","position":2,"name":"Um okkur","item":"https:\/\/hedinn.is\/um-okkur\/"},{"@type":"ListItem","position":3,"name":"S\u00e6kja um starf"}]},{"@type":"WebSite","@id":"https:\/\/hedinn.is\/#website","url":"https:\/\/hedinn.is\/","name":"H\u00e9\u00f0inn","description":"1922-2022","publisher":{"@id":"https:\/\/hedinn.is\/#organization"},"potentialAction":[{"@type":"SearchAction","target":{"@type":"EntryPoint","urlTemplate":"https:\/\/hedinn.is\/?s={search_term_string}"},"query-input":{"@type":"PropertyValueSpecification","valueRequired":true,"valueName":"search_term_string"}}],"inLanguage":"en-US"},{"@type":"Organization","@id":"https:\/\/hedinn.is\/#organization","name":"H\u00e9\u00f0inn","url":"https:\/\/hedinn.is\/","logo":{"@type":"ImageObject","inLanguage":"en-US","@id":"https:\/\/hedinn.is\/#\/schema\/logo\/image\/","url":"https:\/\/hedinn.is\/wp-content\/uploads\/2022\/04\/HED_Top_RGB.png","contentUrl":"https:\/\/hedinn.is\/wp-content\/uploads\/2022\/04\/HED_Top_RGB.png","width":1209,"height":975,"caption":"H\u00e9\u00f0inn"},"image":{"@id":"https:\/\/hedinn.is\/#\/schema\/logo\/image\/"},"sameAs":["https:\/\/www.facebook.com\/Hedinnhf","https:\/\/www.instagram.com\/hedinn_hf\/","https:\/\/www.youtube.com\/user\/Hedinnhf","https:\/\/www.linkedin.com\/company\/hedinn-hf\/"]}]}},"_links":{"self":[{"href":"https:\/\/hedinn.is\/en\/wp-json\/wp\/v2\/pages\/2574","targetHints":{"allow":["GET"]}}],"collection":[{"href":"https:\/\/hedinn.is\/en\/wp-json\/wp\/v2\/pages"}],"about":[{"href":"https:\/\/hedinn.is\/en\/wp-json\/wp\/v2\/types\/page"}],"author":[{"embeddable":true,"href":"https:\/\/hedinn.is\/en\/wp-json\/wp\/v2\/users\/2"}],"replies":[{"embeddable":true,"href":"https:\/\/hedinn.is\/en\/wp-json\/wp\/v2\/comments?post=2574"}],"version-history":[{"count":0,"href":"https:\/\/hedinn.is\/en\/wp-json\/wp\/v2\/pages\/2574\/revisions"}],"up":[{"embeddable":true,"href":"https:\/\/hedinn.is\/en\/wp-json\/wp\/v2\/pages\/2231"}],"wp:attachment":[{"href":"https:\/\/hedinn.is\/en\/wp-json\/wp\/v2\/media?parent=2574"}],"curies":[{"name":"wp","href":"https:\/\/api.w.org\/{rel}","templated":true}]}}